{"id":170,"date":"2019-08-27T18:56:47","date_gmt":"2019-08-27T15:56:47","guid":{"rendered":"https:\/\/bestwartravel.com\/?page_id=170"},"modified":"2019-09-11T13:48:47","modified_gmt":"2019-09-11T10:48:47","slug":"anasayfa","status":"publish","type":"page","link":"https:\/\/bestwartravel.com\/","title":{"rendered":"Anasayfa"},"content":{"rendered":"\n<div class=\"wp-block-image\"><figure class=\"aligncenter\"><img loading=\"lazy\" decoding=\"async\" width=\"736\" height=\"713\" src=\"https:\/\/bestwartravel.com\/wp-content\/uploads\/2019\/08\/Presentation1-2.jpg\" alt=\"\" class=\"wp-image-178\" srcset=\"https:\/\/bestwartravel.com\/wp-content\/uploads\/2019\/08\/Presentation1-2.jpg 736w, https:\/\/bestwartravel.com\/wp-content\/uploads\/2019\/08\/Presentation1-2-300x291.jpg 300w\" sizes=\"auto, (max-width: 736px) 100vw, 736px\" \/><\/figure><\/div>\n\n\n\n<ul class=\"wp-block-gallery columns-3 is-cropped wp-block-gallery-1 is-layout-flex wp-block-gallery-is-layout-flex\"><li class=\"blocks-gallery-item\"><figure><img loading=\"lazy\" decoding=\"async\" width=\"550\" height=\"366\" src=\"https:\/\/bestwartravel.com\/wp-content\/uploads\/2019\/08\/antalya-kaleici-hadrianus-1.jpg\" alt=\"\" data-id=\"167\" data-link=\"https:\/\/bestwartravel.com\/?attachment_id=167\" class=\"wp-image-167\" srcset=\"https:\/\/bestwartravel.com\/wp-content\/uploads\/2019\/08\/antalya-kaleici-hadrianus-1.jpg 550w, https:\/\/bestwartravel.com\/wp-content\/uploads\/2019\/08\/antalya-kaleici-hadrianus-1-300x200.jpg 300w\" sizes=\"auto, (max-width: 550px) 100vw, 550px\" \/><\/figure><\/li><li class=\"blocks-gallery-item\"><figure><img loading=\"lazy\" decoding=\"async\" width=\"1000\" height=\"600\" src=\"https:\/\/bestwartravel.com\/wp-content\/uploads\/2019\/08\/adonis_hotel_our_hotel_08.jpg\" alt=\"\" data-id=\"212\" data-link=\"https:\/\/bestwartravel.com\/?attachment_id=212\" class=\"wp-image-212\" srcset=\"https:\/\/bestwartravel.com\/wp-content\/uploads\/2019\/08\/adonis_hotel_our_hotel_08.jpg 1000w, https:\/\/bestwartravel.com\/wp-content\/uploads\/2019\/08\/adonis_hotel_our_hotel_08-300x180.jpg 300w, https:\/\/bestwartravel.com\/wp-content\/uploads\/2019\/08\/adonis_hotel_our_hotel_08-768x461.jpg 768w\" sizes=\"auto, (max-width: 767px) 89vw, (max-width: 1000px) 54vw, (max-width: 1071px) 543px, 580px\" \/><\/figure><\/li><li class=\"blocks-gallery-item\"><figure><img loading=\"lazy\" decoding=\"async\" width=\"283\" height=\"199\" src=\"https:\/\/bestwartravel.com\/wp-content\/uploads\/2019\/08\/Titanic-Lara.jpg\" alt=\"\" data-id=\"101\" data-link=\"https:\/\/bestwartravel.com\/?attachment_id=101\" class=\"wp-image-101\"\/><\/figure><\/li><li class=\"blocks-gallery-item\"><figure><img loading=\"lazy\" decoding=\"async\" width=\"900\" height=\"675\" src=\"https:\/\/bestwartravel.com\/wp-content\/uploads\/2019\/08\/Side-Titreyengol-Colakli-Sorgun-Kumkoy.jpg\" alt=\"\" data-id=\"100\" data-link=\"https:\/\/bestwartravel.com\/?attachment_id=100\" class=\"wp-image-100\" srcset=\"https:\/\/bestwartravel.com\/wp-content\/uploads\/2019\/08\/Side-Titreyengol-Colakli-Sorgun-Kumkoy.jpg 900w, https:\/\/bestwartravel.com\/wp-content\/uploads\/2019\/08\/Side-Titreyengol-Colakli-Sorgun-Kumkoy-300x225.jpg 300w, https:\/\/bestwartravel.com\/wp-content\/uploads\/2019\/08\/Side-Titreyengol-Colakli-Sorgun-Kumkoy-768x576.jpg 768w\" sizes=\"auto, (max-width: 767px) 89vw, (max-width: 1000px) 54vw, (max-width: 1071px) 543px, 580px\" \/><\/figure><\/li><li class=\"blocks-gallery-item\"><figure><img loading=\"lazy\" decoding=\"async\" width=\"855\" height=\"426\" src=\"https:\/\/bestwartravel.com\/wp-content\/uploads\/2019\/08\/sensimar-side-resort-spa_273000.jpg\" alt=\"\" data-id=\"99\" data-link=\"https:\/\/bestwartravel.com\/?attachment_id=99\" class=\"wp-image-99\" srcset=\"https:\/\/bestwartravel.com\/wp-content\/uploads\/2019\/08\/sensimar-side-resort-spa_273000.jpg 855w, https:\/\/bestwartravel.com\/wp-content\/uploads\/2019\/08\/sensimar-side-resort-spa_273000-300x149.jpg 300w, https:\/\/bestwartravel.com\/wp-content\/uploads\/2019\/08\/sensimar-side-resort-spa_273000-768x383.jpg 768w\" sizes=\"auto, (max-width: 767px) 89vw, (max-width: 1000px) 54vw, (max-width: 1071px) 543px, 580px\" \/><\/figure><\/li><li class=\"blocks-gallery-item\"><figure><img loading=\"lazy\" decoding=\"async\" width=\"319\" height=\"250\" src=\"https:\/\/bestwartravel.com\/wp-content\/uploads\/2019\/08\/r_66_sirene_general.jpg\" alt=\"\" data-id=\"98\" data-link=\"https:\/\/bestwartravel.com\/?attachment_id=98\" class=\"wp-image-98\" srcset=\"https:\/\/bestwartravel.com\/wp-content\/uploads\/2019\/08\/r_66_sirene_general.jpg 319w, https:\/\/bestwartravel.com\/wp-content\/uploads\/2019\/08\/r_66_sirene_general-300x235.jpg 300w\" sizes=\"auto, (max-width: 319px) 100vw, 319px\" \/><\/figure><\/li><li class=\"blocks-gallery-item\"><figure><img loading=\"lazy\" decoding=\"async\" width=\"1024\" height=\"685\" src=\"https:\/\/bestwartravel.com\/wp-content\/uploads\/2019\/08\/PGA_Sultan_Golf_Course-1024x685.jpg\" alt=\"\" data-id=\"97\" data-link=\"https:\/\/bestwartravel.com\/?attachment_id=97\" class=\"wp-image-97\" srcset=\"https:\/\/bestwartravel.com\/wp-content\/uploads\/2019\/08\/PGA_Sultan_Golf_Course-1024x685.jpg 1024w, https:\/\/bestwartravel.com\/wp-content\/uploads\/2019\/08\/PGA_Sultan_Golf_Course-300x201.jpg 300w, https:\/\/bestwartravel.com\/wp-content\/uploads\/2019\/08\/PGA_Sultan_Golf_Course-768x514.jpg 768w, https:\/\/bestwartravel.com\/wp-content\/uploads\/2019\/08\/PGA_Sultan_Golf_Course.jpg 1200w\" sizes=\"auto, (max-width: 767px) 89vw, (max-width: 1000px) 54vw, (max-width: 1071px) 543px, 580px\" \/><\/figure><\/li><li class=\"blocks-gallery-item\"><figure><img loading=\"lazy\" decoding=\"async\" width=\"600\" height=\"393\" src=\"https:\/\/bestwartravel.com\/wp-content\/uploads\/2019\/08\/peri-bacalari-balonlar.jpg\" alt=\"\" data-id=\"96\" data-link=\"https:\/\/bestwartravel.com\/?attachment_id=96\" class=\"wp-image-96\" srcset=\"https:\/\/bestwartravel.com\/wp-content\/uploads\/2019\/08\/peri-bacalari-balonlar.jpg 600w, https:\/\/bestwartravel.com\/wp-content\/uploads\/2019\/08\/peri-bacalari-balonlar-300x197.jpg 300w\" sizes=\"auto, (max-width: 600px) 100vw, 600px\" \/><\/figure><\/li><li class=\"blocks-gallery-item\"><figure><img loading=\"lazy\" decoding=\"async\" width=\"1024\" height=\"683\" src=\"https:\/\/bestwartravel.com\/wp-content\/uploads\/2019\/08\/Pasha-Golf-1024x683.jpg\" alt=\"\" data-id=\"95\" data-link=\"https:\/\/bestwartravel.com\/?attachment_id=95\" class=\"wp-image-95\" srcset=\"https:\/\/bestwartravel.com\/wp-content\/uploads\/2019\/08\/Pasha-Golf.jpg 1024w, https:\/\/bestwartravel.com\/wp-content\/uploads\/2019\/08\/Pasha-Golf-300x200.jpg 300w, https:\/\/bestwartravel.com\/wp-content\/uploads\/2019\/08\/Pasha-Golf-768x512.jpg 768w\" sizes=\"auto, (max-width: 767px) 89vw, (max-width: 1000px) 54vw, (max-width: 1071px) 543px, 580px\" \/><\/figure><\/li><li class=\"blocks-gallery-item\"><figure><img loading=\"lazy\" decoding=\"async\" width=\"645\" height=\"355\" src=\"https:\/\/bestwartravel.com\/wp-content\/uploads\/2019\/08\/paloma-club-sultan-hotel-1.jpg\" alt=\"\" data-id=\"94\" data-link=\"https:\/\/bestwartravel.com\/?attachment_id=94\" class=\"wp-image-94\" srcset=\"https:\/\/bestwartravel.com\/wp-content\/uploads\/2019\/08\/paloma-club-sultan-hotel-1.jpg 645w, https:\/\/bestwartravel.com\/wp-content\/uploads\/2019\/08\/paloma-club-sultan-hotel-1-300x165.jpg 300w\" sizes=\"auto, (max-width: 645px) 100vw, 645px\" \/><\/figure><\/li><li class=\"blocks-gallery-item\"><figure><img loading=\"lazy\" decoding=\"async\" width=\"1024\" height=\"508\" src=\"https:\/\/bestwartravel.com\/wp-content\/uploads\/2019\/08\/marmaris-otelleri-1024x508.jpg\" alt=\"\" data-id=\"93\" data-link=\"https:\/\/bestwartravel.com\/?attachment_id=93\" class=\"wp-image-93\" srcset=\"https:\/\/bestwartravel.com\/wp-content\/uploads\/2019\/08\/marmaris-otelleri-1024x508.jpg 1024w, https:\/\/bestwartravel.com\/wp-content\/uploads\/2019\/08\/marmaris-otelleri-300x149.jpg 300w, https:\/\/bestwartravel.com\/wp-content\/uploads\/2019\/08\/marmaris-otelleri-768x381.jpg 768w, https:\/\/bestwartravel.com\/wp-content\/uploads\/2019\/08\/marmaris-otelleri.jpg 1278w\" sizes=\"auto, (max-width: 767px) 89vw, (max-width: 1000px) 54vw, (max-width: 1071px) 543px, 580px\" \/><\/figure><\/li><li class=\"blocks-gallery-item\"><figure><img loading=\"lazy\" decoding=\"async\" width=\"682\" height=\"350\" src=\"https:\/\/bestwartravel.com\/wp-content\/uploads\/2019\/08\/marmaris-foto\u011fraflar\u0131-4.jpg\" alt=\"\" data-id=\"92\" data-link=\"https:\/\/bestwartravel.com\/?attachment_id=92\" class=\"wp-image-92\" srcset=\"https:\/\/bestwartravel.com\/wp-content\/uploads\/2019\/08\/marmaris-foto\u011fraflar\u0131-4.jpg 682w, https:\/\/bestwartravel.com\/wp-content\/uploads\/2019\/08\/marmaris-foto\u011fraflar\u0131-4-300x154.jpg 300w\" sizes=\"auto, (max-width: 682px) 100vw, 682px\" \/><\/figure><\/li><li class=\"blocks-gallery-item\"><figure><img loading=\"lazy\" decoding=\"async\" width=\"600\" height=\"450\" src=\"https:\/\/bestwartravel.com\/wp-content\/uploads\/2019\/08\/marmaris.jpg\" alt=\"\" data-id=\"91\" data-link=\"https:\/\/bestwartravel.com\/?attachment_id=91\" class=\"wp-image-91\" srcset=\"https:\/\/bestwartravel.com\/wp-content\/uploads\/2019\/08\/marmaris.jpg 600w, https:\/\/bestwartravel.com\/wp-content\/uploads\/2019\/08\/marmaris-300x225.jpg 300w\" sizes=\"auto, (max-width: 600px) 100vw, 600px\" \/><\/figure><\/li><li class=\"blocks-gallery-item\"><figure><img loading=\"lazy\" decoding=\"async\" width=\"385\" height=\"270\" src=\"https:\/\/bestwartravel.com\/wp-content\/uploads\/2019\/08\/kemer-otelleri.jpg\" alt=\"\" data-id=\"90\" data-link=\"https:\/\/bestwartravel.com\/?attachment_id=90\" class=\"wp-image-90\" srcset=\"https:\/\/bestwartravel.com\/wp-content\/uploads\/2019\/08\/kemer-otelleri.jpg 385w, https:\/\/bestwartravel.com\/wp-content\/uploads\/2019\/08\/kemer-otelleri-300x210.jpg 300w\" sizes=\"auto, (max-width: 385px) 100vw, 385px\" \/><\/figure><\/li><li class=\"blocks-gallery-item\"><figure><img loading=\"lazy\" decoding=\"async\" width=\"550\" height=\"367\" src=\"https:\/\/bestwartravel.com\/wp-content\/uploads\/2019\/08\/kaleici.jpg\" alt=\"\" data-id=\"89\" data-link=\"https:\/\/bestwartravel.com\/?attachment_id=89\" class=\"wp-image-89\" srcset=\"https:\/\/bestwartravel.com\/wp-content\/uploads\/2019\/08\/kaleici.jpg 550w, https:\/\/bestwartravel.com\/wp-content\/uploads\/2019\/08\/kaleici-300x200.jpg 300w\" sizes=\"auto, (max-width: 550px) 100vw, 550px\" \/><\/figure><\/li><li class=\"blocks-gallery-item\"><figure><img loading=\"lazy\" decoding=\"async\" width=\"800\" height=\"450\" src=\"https:\/\/bestwartravel.com\/wp-content\/uploads\/2019\/08\/huawei-p20-pro-ile-cekilen-etkileyici-istanbul-fotograflari.png\" alt=\"\" data-id=\"88\" data-link=\"https:\/\/bestwartravel.com\/?attachment_id=88\" class=\"wp-image-88\" srcset=\"https:\/\/bestwartravel.com\/wp-content\/uploads\/2019\/08\/huawei-p20-pro-ile-cekilen-etkileyici-istanbul-fotograflari.png 800w, https:\/\/bestwartravel.com\/wp-content\/uploads\/2019\/08\/huawei-p20-pro-ile-cekilen-etkileyici-istanbul-fotograflari-300x169.png 300w, https:\/\/bestwartravel.com\/wp-content\/uploads\/2019\/08\/huawei-p20-pro-ile-cekilen-etkileyici-istanbul-fotograflari-768x432.png 768w\" sizes=\"auto, (max-width: 767px) 89vw, (max-width: 1000px) 54vw, (max-width: 1071px) 543px, 580px\" \/><\/figure><\/li><li class=\"blocks-gallery-item\"><figure><img loading=\"lazy\" decoding=\"async\" width=\"1024\" height=\"683\" src=\"https:\/\/bestwartravel.com\/wp-content\/uploads\/2019\/08\/hb_b_25141730_l-b-1024x683.jpg\" alt=\"\" data-id=\"87\" data-link=\"https:\/\/bestwartravel.com\/?attachment_id=87\" class=\"wp-image-87\" srcset=\"https:\/\/bestwartravel.com\/wp-content\/uploads\/2019\/08\/hb_b_25141730_l-b-1024x683.jpg 1024w, https:\/\/bestwartravel.com\/wp-content\/uploads\/2019\/08\/hb_b_25141730_l-b-300x200.jpg 300w, https:\/\/bestwartravel.com\/wp-content\/uploads\/2019\/08\/hb_b_25141730_l-b-768x512.jpg 768w, https:\/\/bestwartravel.com\/wp-content\/uploads\/2019\/08\/hb_b_25141730_l-b.jpg 1536w\" sizes=\"auto, (max-width: 767px) 89vw, (max-width: 1000px) 54vw, (max-width: 1071px) 543px, 580px\" \/><\/figure><\/li><li class=\"blocks-gallery-item\"><figure><img loading=\"lazy\" decoding=\"async\" width=\"752\" height=\"496\" src=\"https:\/\/bestwartravel.com\/wp-content\/uploads\/2019\/08\/0x0-5.jpg\" alt=\"\" data-id=\"77\" data-link=\"https:\/\/bestwartravel.com\/?attachment_id=77\" class=\"wp-image-77\" srcset=\"https:\/\/bestwartravel.com\/wp-content\/uploads\/2019\/08\/0x0-5.jpg 752w, https:\/\/bestwartravel.com\/wp-content\/uploads\/2019\/08\/0x0-5-300x198.jpg 300w\" sizes=\"auto, (max-width: 706px) 89vw, (max-width: 767px) 82vw, 740px\" \/><\/figure><\/li><li class=\"blocks-gallery-item\"><figure><img loading=\"lazy\" decoding=\"async\" width=\"500\" height=\"333\" src=\"https:\/\/bestwartravel.com\/wp-content\/uploads\/2019\/08\/7a066273-e60c-4e49-9b69-3edc8f9aafd4.png\" alt=\"\" data-id=\"78\" data-link=\"https:\/\/bestwartravel.com\/?attachment_id=78\" class=\"wp-image-78\" srcset=\"https:\/\/bestwartravel.com\/wp-content\/uploads\/2019\/08\/7a066273-e60c-4e49-9b69-3edc8f9aafd4.png 500w, https:\/\/bestwartravel.com\/wp-content\/uploads\/2019\/08\/7a066273-e60c-4e49-9b69-3edc8f9aafd4-300x200.png 300w\" sizes=\"auto, (max-width: 500px) 100vw, 500px\" \/><\/figure><\/li><li class=\"blocks-gallery-item\"><figure><img loading=\"lazy\" decoding=\"async\" width=\"800\" height=\"450\" src=\"https:\/\/bestwartravel.com\/wp-content\/uploads\/2019\/08\/antalya-kaleici-13.jpg\" alt=\"\" data-id=\"79\" data-link=\"https:\/\/bestwartravel.com\/?attachment_id=79\" class=\"wp-image-79\" srcset=\"https:\/\/bestwartravel.com\/wp-content\/uploads\/2019\/08\/antalya-kaleici-13.jpg 800w, https:\/\/bestwartravel.com\/wp-content\/uploads\/2019\/08\/antalya-kaleici-13-300x169.jpg 300w, https:\/\/bestwartravel.com\/wp-content\/uploads\/2019\/08\/antalya-kaleici-13-768x432.jpg 768w\" sizes=\"auto, (max-width: 767px) 89vw, (max-width: 1000px) 54vw, (max-width: 1071px) 543px, 580px\" \/><figcaption>Yivli Minare K\u00fclliyesi : Kalekap\u0131s\u0131 semtinde bulunan ve \u00e7ok say\u0131da Sel\u00e7uklu yap\u0131t\u0131ndan olu\u015fan eserler toplulu\u011fudur. K\u00fclliye&#8217;de bulunan yap\u0131lar \u015funlard\u0131r: Yivli Minare, Yivli Camii, G\u0131yaseddin Keyh\u00fcsrev Medresesi, Sel\u00e7uklu Medresesi, Mevlevihane, Zincirk\u0131ran T\u00fcrbesi ve Nigar Hatun T\u00fcrbesi. Yivli Minare Antalya&#8217;daki ilk islam yap\u0131lar\u0131ndand\u0131r. XIII. y\u00fczy\u0131la ait bir Sel\u00e7uklu eseridir.<\/figcaption><\/figure><\/li><li class=\"blocks-gallery-item\"><figure><img loading=\"lazy\" decoding=\"async\" width=\"550\" height=\"366\" src=\"https:\/\/bestwartravel.com\/wp-content\/uploads\/2019\/08\/antalya-kaleici-hadrianus.jpg\" alt=\"\" data-id=\"80\" data-link=\"https:\/\/bestwartravel.com\/?attachment_id=80\" class=\"wp-image-80\" srcset=\"https:\/\/bestwartravel.com\/wp-content\/uploads\/2019\/08\/antalya-kaleici-hadrianus.jpg 550w, https:\/\/bestwartravel.com\/wp-content\/uploads\/2019\/08\/antalya-kaleici-hadrianus-300x200.jpg 300w\" sizes=\"auto, (max-width: 550px) 100vw, 550px\" \/><\/figure><\/li><li class=\"blocks-gallery-item\"><figure><img loading=\"lazy\" decoding=\"async\" width=\"1024\" height=\"680\" src=\"https:\/\/bestwartravel.com\/wp-content\/uploads\/2019\/08\/cabin-tour-light-tours-bodrum-kos-leros-kalimnos-bodrum-kabin-turu-mavi-yolculuk-643825954-1024x680.jpg\" alt=\"\" data-id=\"81\" data-link=\"https:\/\/bestwartravel.com\/?attachment_id=81\" class=\"wp-image-81\" srcset=\"https:\/\/bestwartravel.com\/wp-content\/uploads\/2019\/08\/cabin-tour-light-tours-bodrum-kos-leros-kalimnos-bodrum-kabin-turu-mavi-yolculuk-643825954.jpg 1024w, https:\/\/bestwartravel.com\/wp-content\/uploads\/2019\/08\/cabin-tour-light-tours-bodrum-kos-leros-kalimnos-bodrum-kabin-turu-mavi-yolculuk-643825954-300x199.jpg 300w, https:\/\/bestwartravel.com\/wp-content\/uploads\/2019\/08\/cabin-tour-light-tours-bodrum-kos-leros-kalimnos-bodrum-kabin-turu-mavi-yolculuk-643825954-768x510.jpg 768w\" sizes=\"auto, (max-width: 767px) 89vw, (max-width: 1000px) 54vw, (max-width: 1071px) 543px, 580px\" \/><\/figure><\/li><li class=\"blocks-gallery-item\"><figure><img loading=\"lazy\" decoding=\"async\" width=\"900\" height=\"516\" src=\"https:\/\/bestwartravel.com\/wp-content\/uploads\/2019\/08\/f3eceeb6decd6d62dcffcfcedcb87587.jpg\" alt=\"\" data-id=\"82\" data-link=\"https:\/\/bestwartravel.com\/?attachment_id=82\" class=\"wp-image-82\" srcset=\"https:\/\/bestwartravel.com\/wp-content\/uploads\/2019\/08\/f3eceeb6decd6d62dcffcfcedcb87587.jpg 900w, https:\/\/bestwartravel.com\/wp-content\/uploads\/2019\/08\/f3eceeb6decd6d62dcffcfcedcb87587-300x172.jpg 300w, https:\/\/bestwartravel.com\/wp-content\/uploads\/2019\/08\/f3eceeb6decd6d62dcffcfcedcb87587-768x440.jpg 768w\" sizes=\"auto, (max-width: 767px) 89vw, (max-width: 1000px) 54vw, (max-width: 1071px) 543px, 580px\" \/><\/figure><\/li><li class=\"blocks-gallery-item\"><figure><img loading=\"lazy\" decoding=\"async\" width=\"1024\" height=\"576\" src=\"https:\/\/bestwartravel.com\/wp-content\/uploads\/2019\/08\/fethiye-koyu-liman-1024x576.jpg\" alt=\"\" data-id=\"83\" data-link=\"https:\/\/bestwartravel.com\/?attachment_id=83\" class=\"wp-image-83\" srcset=\"https:\/\/bestwartravel.com\/wp-content\/uploads\/2019\/08\/fethiye-koyu-liman-1024x576.jpg 1024w, https:\/\/bestwartravel.com\/wp-content\/uploads\/2019\/08\/fethiye-koyu-liman-300x169.jpg 300w, https:\/\/bestwartravel.com\/wp-content\/uploads\/2019\/08\/fethiye-koyu-liman-768x432.jpg 768w, https:\/\/bestwartravel.com\/wp-content\/uploads\/2019\/08\/fethiye-koyu-liman.jpg 1800w\" sizes=\"auto, (max-width: 767px) 89vw, (max-width: 1000px) 54vw, (max-width: 1071px) 543px, 580px\" \/><\/figure><\/li><li class=\"blocks-gallery-item\"><figure><img loading=\"lazy\" decoding=\"async\" width=\"1024\" height=\"627\" src=\"https:\/\/bestwartravel.com\/wp-content\/uploads\/2019\/08\/genclik-parki-cami-ankara-fotograflari-ankara-resimleri-gezgin-fotografci-cekergezer-hakan-aydin-fotograflari-1024x627.jpg\" alt=\"\" data-id=\"84\" data-link=\"https:\/\/bestwartravel.com\/?attachment_id=84\" class=\"wp-image-84\" srcset=\"https:\/\/bestwartravel.com\/wp-content\/uploads\/2019\/08\/genclik-parki-cami-ankara-fotograflari-ankara-resimleri-gezgin-fotografci-cekergezer-hakan-aydin-fotograflari-1024x627.jpg 1024w, https:\/\/bestwartravel.com\/wp-content\/uploads\/2019\/08\/genclik-parki-cami-ankara-fotograflari-ankara-resimleri-gezgin-fotografci-cekergezer-hakan-aydin-fotograflari-300x184.jpg 300w, https:\/\/bestwartravel.com\/wp-content\/uploads\/2019\/08\/genclik-parki-cami-ankara-fotograflari-ankara-resimleri-gezgin-fotografci-cekergezer-hakan-aydin-fotograflari-768x470.jpg 768w, https:\/\/bestwartravel.com\/wp-content\/uploads\/2019\/08\/genclik-parki-cami-ankara-fotograflari-ankara-resimleri-gezgin-fotografci-cekergezer-hakan-aydin-fotograflari.jpg 1920w\" sizes=\"auto, (max-width: 767px) 89vw, (max-width: 1000px) 54vw, (max-width: 1071px) 543px, 580px\" \/><\/figure><\/li><li class=\"blocks-gallery-item\"><figure><img loading=\"lazy\" decoding=\"async\" width=\"1024\" height=\"643\" src=\"https:\/\/bestwartravel.com\/wp-content\/uploads\/2019\/08\/Genelg-7--1024x643.jpg\" alt=\"\" data-id=\"85\" data-link=\"https:\/\/bestwartravel.com\/?attachment_id=85\" class=\"wp-image-85\" srcset=\"https:\/\/bestwartravel.com\/wp-content\/uploads\/2019\/08\/Genelg-7--1024x643.jpg 1024w, https:\/\/bestwartravel.com\/wp-content\/uploads\/2019\/08\/Genelg-7--300x188.jpg 300w, https:\/\/bestwartravel.com\/wp-content\/uploads\/2019\/08\/Genelg-7--768x483.jpg 768w\" sizes=\"auto, (max-width: 767px) 89vw, (max-width: 1000px) 54vw, (max-width: 1071px) 543px, 580px\" \/><\/figure><\/li><li class=\"blocks-gallery-item\"><figure><img loading=\"lazy\" decoding=\"async\" width=\"600\" height=\"399\" src=\"https:\/\/bestwartravel.com\/wp-content\/uploads\/2019\/08\/havadan-Istanbul.jpg\" alt=\"\" data-id=\"86\" data-link=\"https:\/\/bestwartravel.com\/?attachment_id=86\" class=\"wp-image-86\" srcset=\"https:\/\/bestwartravel.com\/wp-content\/uploads\/2019\/08\/havadan-Istanbul.jpg 600w, https:\/\/bestwartravel.com\/wp-content\/uploads\/2019\/08\/havadan-Istanbul-300x200.jpg 300w\" sizes=\"auto, (max-width: 600px) 100vw, 600px\" \/><figcaption>Istanbul City 1.0<\/figcaption><\/figure><\/li><li class=\"blocks-gallery-item\"><figure><img loading=\"lazy\" decoding=\"async\" width=\"319\" height=\"213\" src=\"https:\/\/bestwartravel.com\/wp-content\/uploads\/2019\/08\/15884603338_0d66f857b6_n.jpg\" alt=\"\" data-id=\"74\" data-link=\"https:\/\/bestwartravel.com\/?attachment_id=74\" class=\"wp-image-74\" srcset=\"https:\/\/bestwartravel.com\/wp-content\/uploads\/2019\/08\/15884603338_0d66f857b6_n.jpg 319w, https:\/\/bestwartravel.com\/wp-content\/uploads\/2019\/08\/15884603338_0d66f857b6_n-300x200.jpg 300w\" sizes=\"auto, (max-width: 319px) 100vw, 319px\" \/><\/figure><\/li><li class=\"blocks-gallery-item\"><figure><img loading=\"lazy\" decoding=\"async\" width=\"1024\" height=\"994\" src=\"https:\/\/bestwartravel.com\/wp-content\/uploads\/2019\/07\/20190523_124231-e1564754946486-1024x994.jpg\" alt=\"\" data-id=\"15\" data-link=\"https:\/\/bestwartravel.com\/?attachment_id=15\" class=\"wp-image-15\"\/><\/figure><\/li><li class=\"blocks-gallery-item\"><figure><img loading=\"lazy\" decoding=\"async\" width=\"800\" height=\"450\" src=\"https:\/\/bestwartravel.com\/wp-content\/uploads\/2019\/08\/Bayram-Gezilecek-Yerler-Bayram-Gezi-Rehberi.jpg\" alt=\"\" data-id=\"48\" data-link=\"https:\/\/bestwartravel.com\/?attachment_id=48\" class=\"wp-image-48\" srcset=\"https:\/\/bestwartravel.com\/wp-content\/uploads\/2019\/08\/Bayram-Gezilecek-Yerler-Bayram-Gezi-Rehberi.jpg 800w, https:\/\/bestwartravel.com\/wp-content\/uploads\/2019\/08\/Bayram-Gezilecek-Yerler-Bayram-Gezi-Rehberi-300x169.jpg 300w, https:\/\/bestwartravel.com\/wp-content\/uploads\/2019\/08\/Bayram-Gezilecek-Yerler-Bayram-Gezi-Rehberi-768x432.jpg 768w\" sizes=\"auto, (max-width: 767px) 89vw, (max-width: 1000px) 54vw, (max-width: 1071px) 543px, 580px\" \/><\/figure><\/li><\/ul>\n","protected":false},"excerpt":{"rendered":"","protected":false},"author":2,"featured_media":0,"parent":0,"menu_order":0,"comment_status":"closed","ping_status":"closed","template":"","meta":{"footnotes":""},"class_list":["post-170","page","type-page","status-publish","hentry"],"_links":{"self":[{"href":"https:\/\/bestwartravel.com\/index.php?rest_route=\/wp\/v2\/pages\/170","targetHints":{"allow":["GET"]}}],"collection":[{"href":"https:\/\/bestwartravel.com\/index.php?rest_route=\/wp\/v2\/pages"}],"about":[{"href":"https:\/\/bestwartravel.com\/index.php?rest_route=\/wp\/v2\/types\/page"}],"author":[{"embeddable":true,"href":"https:\/\/bestwartravel.com\/index.php?rest_route=\/wp\/v2\/users\/2"}],"replies":[{"embeddable":true,"href":"https:\/\/bestwartravel.com\/index.php?rest_route=%2Fwp%2Fv2%2Fcomments&post=170"}],"version-history":[{"count":3,"href":"https:\/\/bestwartravel.com\/index.php?rest_route=\/wp\/v2\/pages\/170\/revisions"}],"predecessor-version":[{"id":226,"href":"https:\/\/bestwartravel.com\/index.php?rest_route=\/wp\/v2\/pages\/170\/revisions\/226"}],"wp:attachment":[{"href":"https:\/\/bestwartravel.com\/index.php?rest_route=%2Fwp%2Fv2%2Fmedia&parent=170"}],"curies":[{"name":"wp","href":"https:\/\/api.w.org\/{rel}","templated":true}]}}